{"id":44520,"date":"2026-04-23T09:52:13","date_gmt":"2026-04-23T08:52:13","guid":{"rendered":"https:\/\/conclusionintelligence.de\/?page_id=44520"},"modified":"2026-05-13T15:56:43","modified_gmt":"2026-05-13T14:56:43","slug":"marktanalyse-whitepaper","status":"publish","type":"page","link":"https:\/\/conclusionintelligence.de\/de\/marktanalyse-whitepaper","title":{"rendered":"MARKET INSIGHTS WHITEPAPER &#8211; MARKET ANALYSIS"},"content":{"rendered":"<div class=\"fusion-fullwidth fullwidth-box fusion-builder-row-1 whitetext nonhundred-percent-fullwidth non-hundred-percent-height-scrolling\"  style='background-color: #000000;background-image:radial-gradient(circle at center center, #e63232 0%,#000000 100%);background-position: center center;background-repeat: no-repeat;padding-top:50px;padding-right:0px;padding-bottom:50px;padding-left:0px;'><div class=\"fusion-builder-row fusion-row \"><div  class=\"fusion-layout-column fusion_builder_column fusion_builder_column_2_3 fusion-builder-column-0 fusion-two-third fusion-column-first 2_3\"  style='margin-top:15px;margin-bottom:15px;width:65.3333%; margin-right: 4%;'><div class=\"fusion-column-wrapper\" style=\"padding: 0px 0px 0px 0px;background-position:left top;background-repeat:no-repeat;-webkit-background-size:cover;-moz-background-size:cover;-o-background-size:cover;background-size:cover;\"   data-bg-url=\"\"><style type=\"text\/css\"><\/style><div class=\"fusion-title title fusion-title-1 fusion-sep-none fusion-title-text fusion-title-size-two\" style=\"font-size:50px;margin-top:15px;margin-bottom:15px;\"><h2 class=\"title-heading-left\" style=\"font-family:&quot;Source Serif 4&quot;;font-weight:400;margin:0;font-size:1em;color:#ffffff;\"><i>Whitepaper Market Insights<\/i><\/h2><\/div><style type=\"text\/css\"><\/style><div class=\"fusion-title title fusion-title-2 fusion-sep-none fusion-title-text fusion-title-size-one\" style=\"margin-top:15px;margin-bottom:15px;\"><h1 class=\"title-heading-left\" style=\"margin:0;color:#ffffff;\">DIE WEITERENTWICKLUNG DER MARKTANALYSE<\/h1><\/div><div class=\"fusion-text\"><p>Erfahren Sie, wie Sie Daten und KI in Ihrer Marktanalyse nutzen k\u00f6nnen, um Ihre Entscheidungen in den Bereichen Marketing, Vertrieb sowie Forschung und Entwicklung zu optimieren.<\/p>\n<\/div><div class=\"fusion-clearfix\"><\/div><\/div><\/div><div  class=\"fusion-layout-column fusion_builder_column fusion_builder_column_1_2 fusion-builder-column-1 fusion-one-half fusion-column-first 1_2\"  style='margin-top:15px;margin-bottom:15px;width:50%;width:calc(50% - ( ( 4% ) * 0.5 ) );margin-right: 4%;'><div class=\"fusion-column-wrapper\" style=\"padding: 0px 0px 0px 0px;background-position:left top;background-repeat:no-repeat;-webkit-background-size:cover;-moz-background-size:cover;-o-background-size:cover;background-size:cover;\"   data-bg-url=\"\"><span class=\"fusion-imageframe imageframe-none imageframe-1 hover-type-none fusion-no-medium-visibility fusion-no-large-visibility\"><img loading=\"lazy\" decoding=\"async\" src=\"https:\/\/conclusionintelligence.de\/wp-content\/uploads\/2026\/04\/Whitepaper-Mockup-Market-Insights-DE.png\" data-orig-src=\"https:\/\/conclusionintelligence.de\/wp-content\/uploads\/2026\/04\/Whitepaper-Mockup-Market-Insights-DE.png\" width=\"1200\" height=\"1000\" alt=\"\" title=\"Whitepaper Mockup Market Insights DE\" class=\"lazyload img-responsive wp-image-44389\" srcset=\"data:image\/svg+xml,%3Csvg%20xmlns%3D%27http%3A%2F%2Fwww.w3.org%2F2000%2Fsvg%27%20width%3D%271200%27%20height%3D%271000%27%20viewBox%3D%270%200%201200%201000%27%3E%3Crect%20width%3D%271200%27%20height%3D%2731000%27%20fill-opacity%3D%220%22%2F%3E%3C%2Fsvg%3E\" data-srcset=\"https:\/\/conclusionintelligence.de\/wp-content\/uploads\/2026\/04\/Whitepaper-Mockup-Market-Insights-DE-200x167.png 200w, https:\/\/conclusionintelligence.de\/wp-content\/uploads\/2026\/04\/Whitepaper-Mockup-Market-Insights-DE-400x333.png 400w, https:\/\/conclusionintelligence.de\/wp-content\/uploads\/2026\/04\/Whitepaper-Mockup-Market-Insights-DE-600x500.png 600w, https:\/\/conclusionintelligence.de\/wp-content\/uploads\/2026\/04\/Whitepaper-Mockup-Market-Insights-DE-800x667.png 800w, https:\/\/conclusionintelligence.de\/wp-content\/uploads\/2026\/04\/Whitepaper-Mockup-Market-Insights-DE.png 1200w\" data-sizes=\"auto\" data-orig-sizes=\"auto, (max-width: 800px) 100vw, 600px\" \/><\/span><div class=\"fusion-sep-clear\"><\/div><div class=\"fusion-separator fusion-no-medium-visibility fusion-no-large-visibility fusion-full-width-sep sep-double\" style=\"border-color:#ebedea;border-top-width:0px;border-bottom-width:0px;margin-left: auto;margin-right: auto;margin-top:20px;\"><\/div><div class=\"fusion-text\"><p>Dieses Whitepaper behandelt folgende Themen:<\/p>\n<\/div><ul class=\"fusion-checklist fusion-checklist-1\" style=\"font-size:18px;line-height:30.6px;\"><li class=\"fusion-li-item\"><span style=\"height:30.6px;width:30.6px;margin-right:12.6px;\" class=\"icon-wrapper circle-no\"><i class=\"fusion-li-icon fa-check fas\" style=\"color:#e63232;\"><\/i><\/span><div class=\"fusion-li-item-content\" style=\"margin-left:43.2px;\">Demonstration, wie Marktanalysesysteme in eine umfassendere Unternehmensstrategie integriert werden k\u00f6nnen<\/div><\/li><li class=\"fusion-li-item\"><span style=\"height:30.6px;width:30.6px;margin-right:12.6px;\" class=\"icon-wrapper circle-no\"><i class=\"fusion-li-icon fa-check fas\" style=\"color:#e63232;\"><\/i><\/span><div class=\"fusion-li-item-content\" style=\"margin-left:43.2px;\">\n<p>Die technischen und strategischen Hindernisse f\u00fcr datengest\u00fctzte Entscheidungsfindung<\/p>\n<\/div><\/li><li class=\"fusion-li-item\"><span style=\"height:30.6px;width:30.6px;margin-right:12.6px;\" class=\"icon-wrapper circle-no\"><i class=\"fusion-li-icon fa-check fas\" style=\"color:#e63232;\"><\/i><\/span><div class=\"fusion-li-item-content\" style=\"margin-left:43.2px;\">\n<p>Wie Marktanalyse als eine besondere F\u00e4higkeit angesehen werden, die durch Echtzeitanalysen und k\u00fcnstliche Intelligenz (KI) erm\u00f6glicht wird.<\/p>\n<\/div><\/li><li class=\"fusion-li-item\"><span style=\"height:30.6px;width:30.6px;margin-right:12.6px;\" class=\"icon-wrapper circle-no\"><i class=\"fusion-li-icon fa-check fas\" style=\"color:#e63232;\"><\/i><\/span><div class=\"fusion-li-item-content\" style=\"margin-left:43.2px;\">\n<p>Ein praktisches Anwendungsbeispiel, das veranschaulicht, wie Unternehmen diese Transformation noch heute beginnen k\u00f6nnen.<\/p>\n<\/div><\/li><\/ul><div class=\"fusion-clearfix\"><\/div><\/div><\/div><div  class=\"fusion-layout-column fusion_builder_column fusion_builder_column_1_2 fusion-builder-column-2 fusion-one-half fusion-column-last fusion-no-small-visibility 1_2\"  style='margin-top:15px;margin-bottom:15px;width:50%;width:calc(50% - ( ( 4% ) * 0.5 ) );'><div class=\"fusion-column-wrapper\" style=\"padding: 0px 0px 0px 0px;background-position:left top;background-repeat:no-repeat;-webkit-background-size:cover;-moz-background-size:cover;-o-background-size:cover;background-size:cover;\"   data-bg-url=\"\"><span class=\"fusion-imageframe imageframe-none imageframe-2 hover-type-none\"><img loading=\"lazy\" decoding=\"async\" src=\"https:\/\/conclusionintelligence.de\/wp-content\/uploads\/2026\/04\/Whitepaper-Mockup-Market-Insights-DE.png\" data-orig-src=\"https:\/\/conclusionintelligence.de\/wp-content\/uploads\/2026\/04\/Whitepaper-Mockup-Market-Insights-DE.png\" width=\"1200\" height=\"1000\" alt=\"\" title=\"Whitepaper Mockup Market Insights DE\" class=\"lazyload img-responsive wp-image-44389\" srcset=\"data:image\/svg+xml,%3Csvg%20xmlns%3D%27http%3A%2F%2Fwww.w3.org%2F2000%2Fsvg%27%20width%3D%271200%27%20height%3D%271000%27%20viewBox%3D%270%200%201200%201000%27%3E%3Crect%20width%3D%271200%27%20height%3D%2731000%27%20fill-opacity%3D%220%22%2F%3E%3C%2Fsvg%3E\" data-srcset=\"https:\/\/conclusionintelligence.de\/wp-content\/uploads\/2026\/04\/Whitepaper-Mockup-Market-Insights-DE-200x167.png 200w, https:\/\/conclusionintelligence.de\/wp-content\/uploads\/2026\/04\/Whitepaper-Mockup-Market-Insights-DE-400x333.png 400w, https:\/\/conclusionintelligence.de\/wp-content\/uploads\/2026\/04\/Whitepaper-Mockup-Market-Insights-DE-600x500.png 600w, https:\/\/conclusionintelligence.de\/wp-content\/uploads\/2026\/04\/Whitepaper-Mockup-Market-Insights-DE-800x667.png 800w, https:\/\/conclusionintelligence.de\/wp-content\/uploads\/2026\/04\/Whitepaper-Mockup-Market-Insights-DE.png 1200w\" data-sizes=\"auto\" data-orig-sizes=\"auto, (max-width: 800px) 100vw, 600px\" \/><\/span><div class=\"fusion-clearfix\"><\/div><\/div><\/div><div  class=\"fusion-layout-column fusion_builder_column fusion_builder_column_2_3 fusion-builder-column-3 fusion-two-third fusion-column-first 2_3\"  style='margin-top:15px;margin-bottom:15px;width:66.66%;width:calc(66.66% - ( ( 4% ) * 0.6666 ) );margin-right: 4%;'><div class=\"fusion-column-wrapper\" style=\"padding: 0px 0px 0px 0px;background-position:left top;background-repeat:no-repeat;-webkit-background-size:cover;-moz-background-size:cover;-o-background-size:cover;background-size:cover;\"   data-bg-url=\"\"><script src=\"https:\/\/js-eu1.hsforms.net\/forms\/embed\/developer\/143772147.js\" defer><\/script>\n<div class=\"hs-form-html\" data-region=\"eu1\" data-form-id=\"b8b6b8f8-2eac-4be4-ae95-9fa971b16368\" data-portal-id=\"143772147\"><\/div><div class=\"fusion-clearfix\"><\/div><\/div><\/div><\/div><\/div><style type=\"text\/css\">.fusion-fullwidth.fusion-builder-row-1 a:not(.fusion-button):not(.fusion-builder-module-control):not(.fusion-social-network-icon):not(.fb-icon-element):not(.fusion-countdown-link):not(.fusion-rollover-link):not(.fusion-rollover-gallery):not(.fusion-button-bar):not(.add_to_cart_button):not(.show_details_button):not(.product_type_external):not(.fusion-quick-view):not(.fusion-rollover-title-link):not(.fusion-breadcrumb-link) , .fusion-fullwidth.fusion-builder-row-1 a:not(.fusion-button):not(.fusion-builder-module-control):not(.fusion-social-network-icon):not(.fb-icon-element):not(.fusion-countdown-link):not(.fusion-rollover-link):not(.fusion-rollover-gallery):not(.fusion-button-bar):not(.add_to_cart_button):not(.show_details_button):not(.product_type_external):not(.fusion-quick-view):not(.fusion-rollover-title-link):not(.fusion-breadcrumb-link):before, .fusion-fullwidth.fusion-builder-row-1 a:not(.fusion-button):not(.fusion-builder-module-control):not(.fusion-social-network-icon):not(.fb-icon-element):not(.fusion-countdown-link):not(.fusion-rollover-link):not(.fusion-rollover-gallery):not(.fusion-button-bar):not(.add_to_cart_button):not(.show_details_button):not(.product_type_external):not(.fusion-quick-view):not(.fusion-rollover-title-link):not(.fusion-breadcrumb-link):after {color: #e63232;}.fusion-fullwidth.fusion-builder-row-1 a:not(.fusion-button):not(.fusion-builder-module-control):not(.fusion-social-network-icon):not(.fb-icon-element):not(.fusion-countdown-link):not(.fusion-rollover-link):not(.fusion-rollover-gallery):not(.fusion-button-bar):not(.add_to_cart_button):not(.show_details_button):not(.product_type_external):not(.fusion-quick-view):not(.fusion-rollover-title-link):not(.fusion-breadcrumb-link):hover, .fusion-fullwidth.fusion-builder-row-1 a:not(.fusion-button):not(.fusion-builder-module-control):not(.fusion-social-network-icon):not(.fb-icon-element):not(.fusion-countdown-link):not(.fusion-rollover-link):not(.fusion-rollover-gallery):not(.fusion-button-bar):not(.add_to_cart_button):not(.show_details_button):not(.product_type_external):not(.fusion-quick-view):not(.fusion-rollover-title-link):not(.fusion-breadcrumb-link):hover:before, .fusion-fullwidth.fusion-builder-row-1 a:not(.fusion-button):not(.fusion-builder-module-control):not(.fusion-social-network-icon):not(.fb-icon-element):not(.fusion-countdown-link):not(.fusion-rollover-link):not(.fusion-rollover-gallery):not(.fusion-button-bar):not(.add_to_cart_button):not(.show_details_button):not(.product_type_external):not(.fusion-quick-view):not(.fusion-rollover-title-link):not(.fusion-breadcrumb-link):hover:after {color: #e63232;}.fusion-fullwidth.fusion-builder-row-1 .pagination a.inactive:hover, .fusion-fullwidth.fusion-builder-row-1 .fusion-filters .fusion-filter.fusion-active a {border-color: #e63232;}.fusion-fullwidth.fusion-builder-row-1 .pagination .current {border-color: #e63232; background-color: #e63232;}.fusion-fullwidth.fusion-builder-row-1 .fusion-filters .fusion-filter.fusion-active a, .fusion-fullwidth.fusion-builder-row-1 .fusion-date-and-formats .fusion-format-box, .fusion-fullwidth.fusion-builder-row-1 .fusion-popover, .fusion-fullwidth.fusion-builder-row-1 .tooltip-shortcode {color: #e63232;}#main .fusion-fullwidth.fusion-builder-row-1 .post .blog-shortcode-post-title a:hover {color: #e63232;}<\/style>\n","protected":false},"excerpt":{"rendered":"","protected":false},"author":2,"featured_media":0,"parent":0,"menu_order":0,"comment_status":"closed","ping_status":"closed","template":"100-width.php","meta":{"footnotes":""},"class_list":["post-44520","page","type-page","status-publish","hentry"],"yoast_head":"<!-- This site is optimized with the Yoast SEO plugin v27.6 - https:\/\/yoast.com\/product\/yoast-seo-wordpress\/ -->\n<title>Whitepaper | Daten und KI in der Marktanalyse - Conclusion Intelligence<\/title>\n<meta name=\"description\" content=\"Dieses Whitepaper definiert Market Insights als eine Schl\u00fcsselkompetenz, die durch Echtzeitanalysen und KI erm\u00f6glicht wird, und bietet einen praktischen Fahrplan f\u00fcr die Integration von Erkenntnissystemen in die Unternehmensstrategie\" \/>\n<meta name=\"robots\" content=\"index, follow, max-snippet:-1, max-image-preview:large, max-video-preview:-1\" \/>\n<link rel=\"canonical\" href=\"https:\/\/conclusionintelligence.de\/de\/marktanalyse-whitepaper\" \/>\n<meta property=\"og:locale\" content=\"de_DE\" \/>\n<meta property=\"og:type\" content=\"article\" \/>\n<meta property=\"og:title\" content=\"Whitepaper | Daten und KI in der Marktanalyse - Conclusion Intelligence\" \/>\n<meta property=\"og:description\" content=\"Dieses Whitepaper definiert Market Insights als eine Schl\u00fcsselkompetenz, die durch Echtzeitanalysen und KI erm\u00f6glicht wird, und bietet einen praktischen Fahrplan f\u00fcr die Integration von Erkenntnissystemen in die Unternehmensstrategie\" \/>\n<meta property=\"og:url\" content=\"https:\/\/conclusionintelligence.de\/de\/marktanalyse-whitepaper\" \/>\n<meta property=\"og:site_name\" content=\"Conclusion Intelligence\" \/>\n<meta property=\"article:publisher\" content=\"https:\/\/www.facebook.com\/MediaanABS\/\" \/>\n<meta property=\"article:modified_time\" content=\"2026-05-13T14:56:43+00:00\" \/>\n<meta name=\"twitter:card\" content=\"summary_large_image\" \/>\n<meta name=\"twitter:site\" content=\"@mediaan\" \/>\n<meta name=\"twitter:label1\" content=\"Gesch\u00e4tzte Lesezeit\" \/>\n\t<meta name=\"twitter:data1\" content=\"8\u00a0Minuten\" \/>\n<!-- \/ Yoast SEO plugin. -->","yoast_head_json":{"title":"Whitepaper | Daten und KI in der Marktanalyse - Conclusion Intelligence","description":"Dieses Whitepaper definiert Market Insights als eine Schl\u00fcsselkompetenz, die durch Echtzeitanalysen und KI erm\u00f6glicht wird, und bietet einen praktischen Fahrplan f\u00fcr die Integration von Erkenntnissystemen in die Unternehmensstrategie","robots":{"index":"index","follow":"follow","max-snippet":"max-snippet:-1","max-image-preview":"max-image-preview:large","max-video-preview":"max-video-preview:-1"},"canonical":"https:\/\/conclusionintelligence.de\/de\/marktanalyse-whitepaper","og_locale":"de_DE","og_type":"article","og_title":"Whitepaper | Daten und KI in der Marktanalyse - Conclusion Intelligence","og_description":"Dieses Whitepaper definiert Market Insights als eine Schl\u00fcsselkompetenz, die durch Echtzeitanalysen und KI erm\u00f6glicht wird, und bietet einen praktischen Fahrplan f\u00fcr die Integration von Erkenntnissystemen in die Unternehmensstrategie","og_url":"https:\/\/conclusionintelligence.de\/de\/marktanalyse-whitepaper","og_site_name":"Conclusion Intelligence","article_publisher":"https:\/\/www.facebook.com\/MediaanABS\/","article_modified_time":"2026-05-13T14:56:43+00:00","twitter_card":"summary_large_image","twitter_site":"@mediaan","twitter_misc":{"Gesch\u00e4tzte Lesezeit":"8\u00a0Minuten"},"schema":{"@context":"https:\/\/schema.org","@graph":[{"@type":"WebPage","@id":"https:\/\/conclusionintelligence.de\/de\/marktanalyse-whitepaper","url":"https:\/\/conclusionintelligence.de\/de\/marktanalyse-whitepaper","name":"Whitepaper | Daten und KI in der Marktanalyse - Conclusion Intelligence","isPartOf":{"@id":"https:\/\/conclusionintelligence.de\/de#website"},"datePublished":"2026-04-23T08:52:13+00:00","dateModified":"2026-05-13T14:56:43+00:00","description":"Dieses Whitepaper definiert Market Insights als eine Schl\u00fcsselkompetenz, die durch Echtzeitanalysen und KI erm\u00f6glicht wird, und bietet einen praktischen Fahrplan f\u00fcr die Integration von Erkenntnissystemen in die Unternehmensstrategie","breadcrumb":{"@id":"https:\/\/conclusionintelligence.de\/de\/marktanalyse-whitepaper#breadcrumb"},"inLanguage":"de","potentialAction":[{"@type":"ReadAction","target":["https:\/\/conclusionintelligence.de\/de\/marktanalyse-whitepaper"]}]},{"@type":"BreadcrumbList","@id":"https:\/\/conclusionintelligence.de\/de\/marktanalyse-whitepaper#breadcrumb","itemListElement":[{"@type":"ListItem","position":1,"name":"Home","item":"https:\/\/conclusionintelligence.de\/de"},{"@type":"ListItem","position":2,"name":"MARKET INSIGHTS WHITEPAPER &#8211; MARKET ANALYSIS"}]},{"@type":"WebSite","@id":"https:\/\/conclusionintelligence.de\/de#website","url":"https:\/\/conclusionintelligence.de\/de","name":"Conclusion Intelligence","description":"","publisher":{"@id":"https:\/\/conclusionintelligence.de\/de#organization"},"potentialAction":[{"@type":"SearchAction","target":{"@type":"EntryPoint","urlTemplate":"https:\/\/conclusionintelligence.de\/de?s={search_term_string}"},"query-input":{"@type":"PropertyValueSpecification","valueRequired":true,"valueName":"search_term_string"}}],"inLanguage":"de"},{"@type":"Organization","@id":"https:\/\/conclusionintelligence.de\/de#organization","name":"Mediaan","url":"https:\/\/conclusionintelligence.de\/de","logo":{"@type":"ImageObject","inLanguage":"de","@id":"https:\/\/conclusionintelligence.de\/de#\/schema\/logo\/image\/","url":"https:\/\/conclusionintelligence.de\/wp-content\/uploads\/2019\/11\/Mediaan_M_GROOT_logo_oranje_rgb.png","contentUrl":"https:\/\/conclusionintelligence.de\/wp-content\/uploads\/2019\/11\/Mediaan_M_GROOT_logo_oranje_rgb.png","width":1181,"height":930,"caption":"Mediaan"},"image":{"@id":"https:\/\/conclusionintelligence.de\/de#\/schema\/logo\/image\/"},"sameAs":["https:\/\/www.facebook.com\/MediaanABS\/","https:\/\/x.com\/mediaan","https:\/\/www.instagram.com\/mediaan.vibes\/","https:\/\/www.linkedin.com\/company\/mediaan\/?originalSubdomain=nl","https:\/\/www.youtube.com\/channel\/UCbX3NvsTGNCc-XqJgH-4i6g"]}]}},"jetpack_sharing_enabled":true,"_links":{"self":[{"href":"https:\/\/conclusionintelligence.de\/de\/wp-json\/wp\/v2\/pages\/44520","targetHints":{"allow":["GET"]}}],"collection":[{"href":"https:\/\/conclusionintelligence.de\/de\/wp-json\/wp\/v2\/pages"}],"about":[{"href":"https:\/\/conclusionintelligence.de\/de\/wp-json\/wp\/v2\/types\/page"}],"author":[{"embeddable":true,"href":"https:\/\/conclusionintelligence.de\/de\/wp-json\/wp\/v2\/users\/2"}],"replies":[{"embeddable":true,"href":"https:\/\/conclusionintelligence.de\/de\/wp-json\/wp\/v2\/comments?post=44520"}],"version-history":[{"count":2,"href":"https:\/\/conclusionintelligence.de\/de\/wp-json\/wp\/v2\/pages\/44520\/revisions"}],"predecessor-version":[{"id":45114,"href":"https:\/\/conclusionintelligence.de\/de\/wp-json\/wp\/v2\/pages\/44520\/revisions\/45114"}],"wp:attachment":[{"href":"https:\/\/conclusionintelligence.de\/de\/wp-json\/wp\/v2\/media?parent=44520"}],"curies":[{"name":"wp","href":"https:\/\/api.w.org\/{rel}","templated":true}]}}